{"id":2,"date":"2011-03-13T13:55:22","date_gmt":"2011-03-13T13:55:22","guid":{"rendered":"http:\/\/nuclearmorphology.hu\/english\/?page_id=2"},"modified":"2011-03-13T15:23:31","modified_gmt":"2011-03-13T14:23:31","slug":"contact","status":"publish","type":"page","link":"http:\/\/nuclearmorphology.hu\/english\/contact\/","title":{"rendered":"Contact"},"content":{"rendered":"<p>You can leave me a message on this contact form:<\/p>\n<p class=\"wpcf7-contact-form-not-found\"><strong>Hiba:<\/strong> Kapcsolatfelv\u00e9teli \u0171rlap nem tal\u00e1lhat\u00f3.<\/p>\n","protected":false},"excerpt":{"rendered":"<p>You can leave me a message on this contact form:<\/p>\n","protected":false},"author":1,"featured_media":0,"parent":0,"menu_order":0,"comment_status":"open","ping_status":"open","template":"","meta":{"footnotes":""},"class_list":["post-2","page","type-page","status-publish","hentry"],"_links":{"self":[{"href":"http:\/\/nuclearmorphology.hu\/english\/wp-json\/wp\/v2\/pages\/2","targetHints":{"allow":["GET"]}}],"collection":[{"href":"http:\/\/nuclearmorphology.hu\/english\/wp-json\/wp\/v2\/pages"}],"about":[{"href":"http:\/\/nuclearmorphology.hu\/english\/wp-json\/wp\/v2\/types\/page"}],"author":[{"embeddable":true,"href":"http:\/\/nuclearmorphology.hu\/english\/wp-json\/wp\/v2\/users\/1"}],"replies":[{"embeddable":true,"href":"http:\/\/nuclearmorphology.hu\/english\/wp-json\/wp\/v2\/comments?post=2"}],"version-history":[{"count":2,"href":"http:\/\/nuclearmorphology.hu\/english\/wp-json\/wp\/v2\/pages\/2\/revisions"}],"predecessor-version":[{"id":16,"href":"http:\/\/nuclearmorphology.hu\/english\/wp-json\/wp\/v2\/pages\/2\/revisions\/16"}],"wp:attachment":[{"href":"http:\/\/nuclearmorphology.hu\/english\/wp-json\/wp\/v2\/media?parent=2"}],"curies":[{"name":"wp","href":"https:\/\/api.w.org\/{rel}","templated":true}]}}